{"id":29057,"date":"2019-12-17T11:56:54","date_gmt":"2019-12-17T10:56:54","guid":{"rendered":"https:\/\/richardtaxi.labowebcreation.fr\/?page_id=29057"},"modified":"2023-11-27T15:12:06","modified_gmt":"2023-11-27T14:12:06","slug":"professional-transport","status":"publish","type":"page","link":"https:\/\/richardtaxialbertville.fr\/en\/professional-transport\/","title":{"rendered":"Professional transport"},"content":{"rendered":"<p><div class=\"fusion-fullwidth fullwidth-box fusion-builder-row-1 nonhundred-percent-fullwidth non-hundred-percent-height-scrolling\"  style='background-color: rgba(255,255,255,0);background-position: center center;background-repeat: no-repeat;padding-top:0px;padding-right:0px;padding-bottom:0px;padding-left:0px;'><div class=\"fusion-builder-row fusion-row \"><div  class=\"fusion-layout-column fusion_builder_column fusion_builder_column_1_1 fusion-builder-column-1 fusion-one-full fusion-column-first fusion-column-last 1_1\"  style='margin-top:0px;margin-bottom:20px;'>\n\t\t\t\t\t<div class=\"fusion-column-wrapper\" style=\"padding: 0px 0px 0px 0px;background-position:left top;background-repeat:no-repeat;-webkit-background-size:cover;-moz-background-size:cover;-o-background-size:cover;background-size:cover;\"   data-bg-url=\"\">\n\t\t\t\t\t\t<style type=\"text\/css\"><\/style><div class=\"fusion-title title fusion-title-1 fusion-sep-none fusion-title-text fusion-title-size-two\" style=\"margin-top:0px;margin-bottom:31px;\"><h2 class=\"title-heading-left\" style=\"margin:0;\">Are you traveling on the region?<\/h2><\/div><div class=\"fusion-text\"><p><span style=\"font-size: 18px;\"><strong>Your trip is organized, unforeseen, last minute, or for your daily trips, our company is at your disposal throughout the year.<\/strong><\/span><\/p>\n<\/div><ul class=\"fusion-checklist fusion-checklist-1\" style=\"font-size:16px;line-height:27.2px;\"><li class=\"fusion-li-item\"><span style=\"background-color:#a79b7a;font-size:14.08px;height:27.2px;width:27.2px;margin-right:11.2px;\" class=\"icon-wrapper circle-yes\"><i class=\"fusion-li-icon fa fa-check\" style=\"color:#ffffff;\"><\/i><\/span><div class=\"fusion-li-item-content\" style=\"margin-left:38.4px;\">\n<h3>Pick-up and transfer by reservation<\/h3>\n<ul>\n<li>from and to the various airports in the region: Chamb\u00e9ry, Lyon St Exup\u00e9ry, Grenoble, Geneva or Albertville Tournon aerodrome.<\/li>\n<li>\u00a0from and to the main TGV stations: Albertville, Chamb\u00e9ry, Lyon, Annecy.<\/li>\n<\/ul>\n<\/div><\/li><li class=\"fusion-li-item\"><span style=\"background-color:#a79b7a;font-size:14.08px;height:27.2px;width:27.2px;margin-right:11.2px;\" class=\"icon-wrapper circle-yes\"><i class=\"fusion-li-icon fa fa-check\" style=\"color:#ffffff;\"><\/i><\/span><div class=\"fusion-li-item-content\" style=\"margin-left:38.4px;\">\n<h3>From or to:<\/h3>\n<ul>\n<li>hotels, rentals, cottages, bed and breakfast, home or second home<\/li>\n<li>business, office, court, meeting place<\/li>\n<li>Albertville and its surroundings by reservation<\/li>\n<\/ul>\n<\/div><\/li><li class=\"fusion-li-item\"><span style=\"background-color:#a79b7a;font-size:14.08px;height:27.2px;width:27.2px;margin-right:11.2px;\" class=\"icon-wrapper circle-yes\"><i class=\"fusion-li-icon fa fa-check\" style=\"color:#ffffff;\"><\/i><\/span><div class=\"fusion-li-item-content\" style=\"margin-left:38.4px;\">\n<h3>Transport adapt to your needs on reservation<\/h3>\n<ul>\n<li>personalized welcome sign with your logo<\/li>\n<li>customer welcome, employees, managers, lawyers<\/li>\n<li>for your conferences, seminars, meetings, business meetings or regular transport to your workplace and hotel<\/li>\n<li>provision of a driver by the hour, the half-day or the day<\/li>\n<\/ul>\n<\/div><\/li><\/ul><div class=\"fusion-clearfix\"><\/div>\n\n\t\t\t\t\t<\/div>\n\t\t\t\t<\/div><div  class=\"fusion-layout-column fusion_builder_column fusion_builder_column_1_1 fusion-builder-column-2 fusion-one-full fusion-column-first fusion-column-last 1_1\"  style='margin-top:0px;margin-bottom:20px;'>\n\t\t\t\t\t<div class=\"fusion-column-wrapper\" style=\"padding: 0px 0px 0px 0px;background-position:left top;background-repeat:no-repeat;-webkit-background-size:cover;-moz-background-size:cover;-o-background-size:cover;background-size:cover;\"   data-bg-url=\"\">\n\t\t\t\t\t\t<style type=\"text\/css\">.fusion-gallery-1 .fusion-gallery-image {border:0px solid #f6f6f6;}<\/style><div class=\"fusion-gallery fusion-gallery-container fusion-grid-3 fusion-columns-total-0 fusion-gallery-layout-grid fusion-gallery-1\" style=\"margin:-5px;\"><div style=\"padding:5px;\" class=\"fusion-grid-column fusion-gallery-column fusion-gallery-column-3\"><div class=\"fusion-gallery-image fusion-gallery-image-liftup\"><a href=\"https:\/\/richardtaxialbertville.fr\/wp-content\/uploads\/2019\/12\/transport-professionel-01.jpg\" rel=\"noreferrer\" data-rel=\"iLightbox[gallery_image_1]\" class=\"fusion-lightbox\" target=\"_self\"><img decoding=\"async\" loading=\"lazy\" src=\"https:\/\/richardtaxialbertville.fr\/wp-content\/uploads\/2019\/12\/transport-professionel-01-460x295.jpg\" width=\"460\" height=\"295\" alt=\"\" title=\"transport-professionel-01\" aria-label=\"transport-professionel-01\" class=\"img-responsive wp-image-28991\" \/><\/a><\/div><\/div><div style=\"padding:5px;\" class=\"fusion-grid-column fusion-gallery-column fusion-gallery-column-3\"><div class=\"fusion-gallery-image fusion-gallery-image-liftup\"><a href=\"https:\/\/richardtaxialbertville.fr\/wp-content\/uploads\/2019\/12\/transport-professionel-02.jpg\" rel=\"noreferrer\" data-rel=\"iLightbox[gallery_image_1]\" class=\"fusion-lightbox\" target=\"_self\"><img decoding=\"async\" loading=\"lazy\" src=\"https:\/\/richardtaxialbertville.fr\/wp-content\/uploads\/2019\/12\/transport-professionel-02-460x295.jpg\" width=\"460\" height=\"295\" alt=\"\" title=\"transport-professionel-02\" aria-label=\"transport-professionel-02\" class=\"img-responsive wp-image-28992\" \/><\/a><\/div><\/div><div style=\"padding:5px;\" class=\"fusion-grid-column fusion-gallery-column fusion-gallery-column-3\"><div class=\"fusion-gallery-image fusion-gallery-image-liftup\"><a href=\"https:\/\/richardtaxialbertville.fr\/wp-content\/uploads\/2019\/12\/transport-professionel-03.jpg\" rel=\"noreferrer\" data-rel=\"iLightbox[gallery_image_1]\" class=\"fusion-lightbox\" target=\"_self\"><img decoding=\"async\" loading=\"lazy\" src=\"https:\/\/richardtaxialbertville.fr\/wp-content\/uploads\/2019\/12\/transport-professionel-03-460x295.jpg\" width=\"460\" height=\"295\" alt=\"\" title=\"transport-professionel-03\" aria-label=\"transport-professionel-03\" class=\"img-responsive wp-image-28993\" \/><\/a><\/div><\/div><div class=\"clearfix\"><\/div><div style=\"padding:5px;\" class=\"fusion-grid-column fusion-gallery-column fusion-gallery-column-3\"><div class=\"fusion-gallery-image fusion-gallery-image-liftup\"><a href=\"https:\/\/richardtaxialbertville.fr\/wp-content\/uploads\/2019\/12\/transport-professionel-04.jpg\" rel=\"noreferrer\" data-rel=\"iLightbox[gallery_image_1]\" class=\"fusion-lightbox\" target=\"_self\"><img decoding=\"async\" loading=\"lazy\" src=\"https:\/\/richardtaxialbertville.fr\/wp-content\/uploads\/2019\/12\/transport-professionel-04-460x295.jpg\" width=\"460\" height=\"295\" alt=\"\" title=\"transport-professionel-04\" aria-label=\"transport-professionel-04\" class=\"img-responsive wp-image-28994\" \/><\/a><\/div><\/div><div style=\"padding:5px;\" class=\"fusion-grid-column fusion-gallery-column fusion-gallery-column-3\"><div class=\"fusion-gallery-image fusion-gallery-image-liftup\"><a href=\"https:\/\/richardtaxialbertville.fr\/wp-content\/uploads\/2019\/12\/transport-professionel-05.jpg\" rel=\"noreferrer\" data-rel=\"iLightbox[gallery_image_1]\" class=\"fusion-lightbox\" target=\"_self\"><img decoding=\"async\" loading=\"lazy\" src=\"https:\/\/richardtaxialbertville.fr\/wp-content\/uploads\/2019\/12\/transport-professionel-05-460x295.jpg\" width=\"460\" height=\"295\" alt=\"\" title=\"transport-professionel-05\" aria-label=\"transport-professionel-05\" class=\"img-responsive wp-image-28995\" \/><\/a><\/div><\/div><div style=\"padding:5px;\" class=\"fusion-grid-column fusion-gallery-column fusion-gallery-column-3\"><div class=\"fusion-gallery-image fusion-gallery-image-liftup\"><a href=\"https:\/\/richardtaxialbertville.fr\/wp-content\/uploads\/2019\/12\/transport-professionel-06.jpg\" rel=\"noreferrer\" data-rel=\"iLightbox[gallery_image_1]\" class=\"fusion-lightbox\" target=\"_self\"><img decoding=\"async\" loading=\"lazy\" src=\"https:\/\/richardtaxialbertville.fr\/wp-content\/uploads\/2019\/12\/transport-professionel-06-460x295.jpg\" width=\"460\" height=\"295\" alt=\"\" title=\"transport-professionel-06\" aria-label=\"transport-professionel-06\" class=\"img-responsive wp-image-28996\" \/><\/a><\/div><\/div><div class=\"clearfix\"><\/div><div style=\"padding:5px;\" class=\"fusion-grid-column fusion-gallery-column fusion-gallery-column-3\"><div class=\"fusion-gallery-image fusion-gallery-image-liftup\"><a href=\"https:\/\/richardtaxialbertville.fr\/wp-content\/uploads\/2019\/12\/transport-professionel-07.jpg\" rel=\"noreferrer\" data-rel=\"iLightbox[gallery_image_1]\" class=\"fusion-lightbox\" target=\"_self\"><img decoding=\"async\" loading=\"lazy\" src=\"https:\/\/richardtaxialbertville.fr\/wp-content\/uploads\/2019\/12\/transport-professionel-07-460x295.jpg\" width=\"460\" height=\"295\" alt=\"\" title=\"transport-professionel-07\" aria-label=\"transport-professionel-07\" class=\"img-responsive wp-image-28997\" \/><\/a><\/div><\/div><div style=\"padding:5px;\" class=\"fusion-grid-column fusion-gallery-column fusion-gallery-column-3\"><div class=\"fusion-gallery-image fusion-gallery-image-liftup\"><a href=\"https:\/\/richardtaxialbertville.fr\/wp-content\/uploads\/2019\/12\/transport-professionel-08.jpg\" rel=\"noreferrer\" data-rel=\"iLightbox[gallery_image_1]\" class=\"fusion-lightbox\" target=\"_self\"><img decoding=\"async\" loading=\"lazy\" src=\"https:\/\/richardtaxialbertville.fr\/wp-content\/uploads\/2019\/12\/transport-professionel-08-460x295.jpg\" width=\"460\" height=\"295\" alt=\"\" title=\"transport-professionel-08\" aria-label=\"transport-professionel-08\" class=\"img-responsive wp-image-28998\" \/><\/a><\/div><\/div><div style=\"padding:5px;\" class=\"fusion-grid-column fusion-gallery-column fusion-gallery-column-3\"><div class=\"fusion-gallery-image fusion-gallery-image-liftup\"><a href=\"https:\/\/richardtaxialbertville.fr\/wp-content\/uploads\/2019\/12\/transport-professionel-09.jpg\" rel=\"noreferrer\" data-rel=\"iLightbox[gallery_image_1]\" class=\"fusion-lightbox\" target=\"_self\"><img decoding=\"async\" loading=\"lazy\" src=\"https:\/\/richardtaxialbertville.fr\/wp-content\/uploads\/2019\/12\/transport-professionel-09-460x295.jpg\" width=\"460\" height=\"295\" alt=\"\" title=\"transport-professionel-09\" aria-label=\"transport-professionel-09\" class=\"img-responsive wp-image-28999\" \/><\/a><\/div><\/div><div class=\"clearfix\"><\/div><\/div><div class=\"fusion-clearfix\"><\/div>\n\n\t\t\t\t\t<\/div>\n\t\t\t\t<\/div><\/div><\/div><div class=\"fusion-fullwidth fullwidth-box fusion-builder-row-2 nonhundred-percent-fullwidth non-hundred-percent-height-scrolling\"  style='background-color: #ffffff;background-position: center center;background-repeat: no-repeat;padding-top:0px;padding-right:0px;padding-bottom:0px;padding-left:0px;'><div class=\"fusion-builder-row fusion-row \"><div  class=\"fusion-layout-column fusion_builder_column fusion_builder_column_1_1 fusion-builder-column-3 fusion-one-full fusion-column-first fusion-column-last 1_1\"  style='margin-top:0px;margin-bottom:20px;'>\n\t\t\t\t\t<div class=\"fusion-column-wrapper\" style=\"padding: 0px 0px 0px 0px;background-position:left top;background-repeat:no-repeat;-webkit-background-size:cover;-moz-background-size:cover;-o-background-size:cover;background-size:cover;\"   data-bg-url=\"\">\n\t\t\t\t\t\t<style type=\"text\/css\"><\/style><div class=\"fusion-title title fusion-title-2 fusion-sep-none fusion-title-center fusion-title-text fusion-title-size-one before-title blue\" style=\"margin-top:0px;margin-bottom:31px;\"><h1 class=\"title-heading-center\" style=\"margin:0;\">Services for professionals<\/h1><\/div><div class=\"fusion-text\"><p>Pour faciliter vos d\u00e9placements, nous pouvons mettre en place une facturation mensuels d\u00e9taill\u00e9es et plusieurs mode de r\u00e8glements possible : virement, CB, ch\u00e8que ou esp\u00e8ces.<\/p>\n<p>Possibilit\u00e9 de mettre en place un contrat ou une convention entre votre entreprise et notre soci\u00e9t\u00e9.<\/p>\n<p>Devis gratuit.<\/p>\n<p>Pour toutes questions,<\/p>\n<p>N\u2019h\u00e9sitez pas \u00e0 nous contacter\u00a0!<\/p>\n<\/div><div class=\"fusion-clearfix\"><\/div>\n\n\t\t\t\t\t<\/div>\n\t\t\t\t<\/div><\/div><\/div><\/p>\n","protected":false},"excerpt":{"rendered":"","protected":false},"author":1,"featured_media":0,"parent":0,"menu_order":0,"comment_status":"closed","ping_status":"closed","template":"100-width.php","meta":{"_mi_skip_tracking":false,"_exactmetrics_sitenote_active":false,"_exactmetrics_sitenote_note":"","_exactmetrics_sitenote_category":0,"footnotes":""},"yoast_head":"<!-- This site is optimized with the Yoast SEO plugin v21.2 - https:\/\/yoast.com\/wordpress\/plugins\/seo\/ -->\n<title>Professional transport - richardtaxialbertville.fr<\/title>\n<meta name=\"robots\" content=\"index, follow, max-snippet:-1, max-image-preview:large, max-video-preview:-1\" \/>\n<link rel=\"canonical\" href=\"https:\/\/richardtaxialbertville.fr\/en\/professional-transport\/\" \/>\n<meta property=\"og:locale\" content=\"en_US\" \/>\n<meta property=\"og:type\" content=\"article\" \/>\n<meta property=\"og:title\" content=\"Professional transport - richardtaxialbertville.fr\" \/>\n<meta property=\"og:url\" content=\"https:\/\/richardtaxialbertville.fr\/en\/professional-transport\/\" \/>\n<meta property=\"og:site_name\" content=\"richardtaxialbertville.fr\" \/>\n<meta property=\"article:modified_time\" content=\"2023-11-27T14:12:06+00:00\" \/>\n<meta name=\"twitter:card\" content=\"summary_large_image\" \/>\n<meta name=\"twitter:label1\" content=\"Est. reading time\" \/>\n\t<meta name=\"twitter:data1\" content=\"4 minutes\" \/>\n<script type=\"application\/ld+json\" class=\"yoast-schema-graph\">{\"@context\":\"https:\/\/schema.org\",\"@graph\":[{\"@type\":\"WebPage\",\"@id\":\"https:\/\/richardtaxialbertville.fr\/en\/professional-transport\/\",\"url\":\"https:\/\/richardtaxialbertville.fr\/en\/professional-transport\/\",\"name\":\"Professional transport - richardtaxialbertville.fr\",\"isPartOf\":{\"@id\":\"https:\/\/richardtaxialbertville.fr\/#website\"},\"datePublished\":\"2019-12-17T10:56:54+00:00\",\"dateModified\":\"2023-11-27T14:12:06+00:00\",\"breadcrumb\":{\"@id\":\"https:\/\/richardtaxialbertville.fr\/en\/professional-transport\/#breadcrumb\"},\"inLanguage\":\"en-US\",\"potentialAction\":[{\"@type\":\"ReadAction\",\"target\":[\"https:\/\/richardtaxialbertville.fr\/en\/professional-transport\/\"]}]},{\"@type\":\"BreadcrumbList\",\"@id\":\"https:\/\/richardtaxialbertville.fr\/en\/professional-transport\/#breadcrumb\",\"itemListElement\":[{\"@type\":\"ListItem\",\"position\":1,\"name\":\"Accueil\",\"item\":\"https:\/\/richardtaxialbertville.fr\/en\/\"},{\"@type\":\"ListItem\",\"position\":2,\"name\":\"Professional transport\"}]},{\"@type\":\"WebSite\",\"@id\":\"https:\/\/richardtaxialbertville.fr\/#website\",\"url\":\"https:\/\/richardtaxialbertville.fr\/\",\"name\":\"richardtaxialbertville.fr\",\"description\":\"Votre taxi sur Albertville\",\"potentialAction\":[{\"@type\":\"SearchAction\",\"target\":{\"@type\":\"EntryPoint\",\"urlTemplate\":\"https:\/\/richardtaxialbertville.fr\/?s={search_term_string}\"},\"query-input\":\"required name=search_term_string\"}],\"inLanguage\":\"en-US\"}]}<\/script>\n<!-- \/ Yoast SEO plugin. -->","yoast_head_json":{"title":"Professional transport - richardtaxialbertville.fr","robots":{"index":"index","follow":"follow","max-snippet":"max-snippet:-1","max-image-preview":"max-image-preview:large","max-video-preview":"max-video-preview:-1"},"canonical":"https:\/\/richardtaxialbertville.fr\/en\/professional-transport\/","og_locale":"en_US","og_type":"article","og_title":"Professional transport - richardtaxialbertville.fr","og_url":"https:\/\/richardtaxialbertville.fr\/en\/professional-transport\/","og_site_name":"richardtaxialbertville.fr","article_modified_time":"2023-11-27T14:12:06+00:00","twitter_card":"summary_large_image","twitter_misc":{"Est. reading time":"4 minutes"},"schema":{"@context":"https:\/\/schema.org","@graph":[{"@type":"WebPage","@id":"https:\/\/richardtaxialbertville.fr\/en\/professional-transport\/","url":"https:\/\/richardtaxialbertville.fr\/en\/professional-transport\/","name":"Professional transport - richardtaxialbertville.fr","isPartOf":{"@id":"https:\/\/richardtaxialbertville.fr\/#website"},"datePublished":"2019-12-17T10:56:54+00:00","dateModified":"2023-11-27T14:12:06+00:00","breadcrumb":{"@id":"https:\/\/richardtaxialbertville.fr\/en\/professional-transport\/#breadcrumb"},"inLanguage":"en-US","potentialAction":[{"@type":"ReadAction","target":["https:\/\/richardtaxialbertville.fr\/en\/professional-transport\/"]}]},{"@type":"BreadcrumbList","@id":"https:\/\/richardtaxialbertville.fr\/en\/professional-transport\/#breadcrumb","itemListElement":[{"@type":"ListItem","position":1,"name":"Accueil","item":"https:\/\/richardtaxialbertville.fr\/en\/"},{"@type":"ListItem","position":2,"name":"Professional transport"}]},{"@type":"WebSite","@id":"https:\/\/richardtaxialbertville.fr\/#website","url":"https:\/\/richardtaxialbertville.fr\/","name":"richardtaxialbertville.fr","description":"Votre taxi sur Albertville","potentialAction":[{"@type":"SearchAction","target":{"@type":"EntryPoint","urlTemplate":"https:\/\/richardtaxialbertville.fr\/?s={search_term_string}"},"query-input":"required name=search_term_string"}],"inLanguage":"en-US"}]}},"_links":{"self":[{"href":"https:\/\/richardtaxialbertville.fr\/en\/wp-json\/wp\/v2\/pages\/29057"}],"collection":[{"href":"https:\/\/richardtaxialbertville.fr\/en\/wp-json\/wp\/v2\/pages"}],"about":[{"href":"https:\/\/richardtaxialbertville.fr\/en\/wp-json\/wp\/v2\/types\/page"}],"author":[{"embeddable":true,"href":"https:\/\/richardtaxialbertville.fr\/en\/wp-json\/wp\/v2\/users\/1"}],"replies":[{"embeddable":true,"href":"https:\/\/richardtaxialbertville.fr\/en\/wp-json\/wp\/v2\/comments?post=29057"}],"version-history":[{"count":1,"href":"https:\/\/richardtaxialbertville.fr\/en\/wp-json\/wp\/v2\/pages\/29057\/revisions"}],"predecessor-version":[{"id":29393,"href":"https:\/\/richardtaxialbertville.fr\/en\/wp-json\/wp\/v2\/pages\/29057\/revisions\/29393"}],"wp:attachment":[{"href":"https:\/\/richardtaxialbertville.fr\/en\/wp-json\/wp\/v2\/media?parent=29057"}],"curies":[{"name":"wp","href":"https:\/\/api.w.org\/{rel}","templated":true}]}}